{"id":49,"date":"2009-12-29T16:36:35","date_gmt":"2009-12-29T15:36:35","guid":{"rendered":"http:\/\/www.froos.de\/blog\/?page_id=49"},"modified":"2009-12-29T16:36:35","modified_gmt":"2009-12-29T15:36:35","slug":"zum-blog","status":"publish","type":"page","link":"https:\/\/www.froos.de\/blog\/zum-blog\/","title":{"rendered":"Zum Blog"},"content":{"rendered":"<p>Dieser Blog soll eine Sammlung an interessanten und wichtigen Dingen werden, die ich mit der Zeit herausgefunden habe. Meist habe ich ein Problem endlich l\u00f6sen k\u00f6nnen oder eine trickreiche Anwendung entdeckt. Da das selten angewendet wird, m\u00f6chte ich es hier aufschreiben. Vielleicht hat jemand anderes ein \u00e4hnliches Problem und findet hier eine L\u00f6sung.<\/p>\n","protected":false},"excerpt":{"rendered":"<p>Dieser Blog soll eine Sammlung an interessanten und wichtigen Dingen werden, die ich mit der Zeit herausgefunden habe. Meist habe ich ein Problem endlich l\u00f6sen k\u00f6nnen oder eine trickreiche Anwendung entdeckt. Da das selten angewendet wird, m\u00f6chte ich es hier aufschreiben. Vielleicht hat jemand anderes ein \u00e4hnliches Problem und findet hier eine L\u00f6sung.<\/p>\n","protected":false},"author":2,"featured_media":0,"parent":0,"menu_order":0,"comment_status":"closed","ping_status":"closed","template":"","meta":[],"_links":{"self":[{"href":"https:\/\/www.froos.de\/blog\/wp-json\/wp\/v2\/pages\/49"}],"collection":[{"href":"https:\/\/www.froos.de\/blog\/wp-json\/wp\/v2\/pages"}],"about":[{"href":"https:\/\/www.froos.de\/blog\/wp-json\/wp\/v2\/types\/page"}],"author":[{"embeddable":true,"href":"https:\/\/www.froos.de\/blog\/wp-json\/wp\/v2\/users\/2"}],"replies":[{"embeddable":true,"href":"https:\/\/www.froos.de\/blog\/wp-json\/wp\/v2\/comments?post=49"}],"version-history":[{"count":1,"href":"https:\/\/www.froos.de\/blog\/wp-json\/wp\/v2\/pages\/49\/revisions"}],"predecessor-version":[{"id":50,"href":"https:\/\/www.froos.de\/blog\/wp-json\/wp\/v2\/pages\/49\/revisions\/50"}],"wp:attachment":[{"href":"https:\/\/www.froos.de\/blog\/wp-json\/wp\/v2\/media?parent=49"}],"curies":[{"name":"wp","href":"https:\/\/api.w.org\/{rel}","templated":true}]}}